{"id":1492,"date":"2022-03-04T03:44:30","date_gmt":"2022-03-04T03:44:30","guid":{"rendered":"https:\/\/kan.com.ar\/dev-land\/services\/"},"modified":"2024-02-21T19:00:34","modified_gmt":"2024-02-21T19:00:34","slug":"casos-de-exito","status":"publish","type":"page","link":"https:\/\/kan.com.ar\/dev-land\/casos-de-exito\/","title":{"rendered":"Casos de \u00c9xito"},"content":{"rendered":"\n<div class=\"wp-block-uagb-container uagb-block-0510ccec alignfull uagb-is-root-container\"><div class=\"uagb-container-inner-blocks-wrap\">\n<div class=\"wp-block-columns is-layout-flex wp-container-core-columns-is-layout-28f84493 wp-block-columns-is-layout-flex\">\n<div class=\"wp-block-column is-layout-flow wp-block-column-is-layout-flow\" style=\"flex-basis:40%\">\n<h1 class=\"wp-block-heading\" style=\"font-size:35px\">Potencia tu organizaci\u00f3n aplicando geointeligencia.<\/h1>\n<\/div>\n\n\n\n<div class=\"wp-block-column is-layout-flow wp-block-column-is-layout-flow\" style=\"flex-basis:60%\">\n<div class=\"wp-block-columns is-layout-flex wp-container-core-columns-is-layout-28f84493 wp-block-columns-is-layout-flex\">\n<div class=\"wp-block-column has-ast-global-color-0-background-color has-background is-layout-flow wp-block-column-is-layout-flow\">\n<div class=\"wp-block-qi-blocks-counter qodef-block-container qodef-block-71a2da6b\"><div class=\"qi-block-counter qodef-block qodef-m\" data-start-digit=\"0\" data-end-digit=\"3\" data-step-digit=\"\" data-step-delay=\"\" data-digit-label=\"\"><div class=\"qodef-m-digit-wrapper\"><div class=\"qodef-m-digit\"><\/div><\/div><div class=\"qodef-m-content\"><div class=\"qodef-m-text\">A\u00f1os activos<\/div><\/div><\/div><\/div>\n<\/div>\n\n\n\n<div class=\"wp-block-column has-ast-global-color-0-background-color has-background is-layout-flow wp-block-column-is-layout-flow\">\n<div class=\"wp-block-qi-blocks-counter qodef-block-container qodef-block-1aa21f84\"><div class=\"qi-block-counter qodef-block qodef-m\" data-start-digit=\"0\" data-end-digit=\"40\" data-step-digit=\"\" data-step-delay=\"\" data-digit-label=\"\"><div class=\"qodef-m-digit-wrapper\"><div class=\"qodef-m-digit\"><\/div><\/div><div class=\"qodef-m-content\"><div class=\"qodef-m-text\">Proyectos<\/div><\/div><\/div><\/div>\n<\/div>\n\n\n\n<div class=\"wp-block-column has-ast-global-color-0-background-color has-background is-layout-flow wp-block-column-is-layout-flow\">\n<div class=\"wp-block-qi-blocks-counter qodef-block-container qodef-block-4a24daa7\"><div class=\"qi-block-counter qodef-block qodef-m\" data-start-digit=\"0\" data-end-digit=\"7\" data-step-digit=\"\" data-step-delay=\"\" data-digit-label=\"\"><div class=\"qodef-m-digit-wrapper\"><div class=\"qodef-m-digit\"><\/div><\/div><div class=\"qodef-m-content\"><div class=\"qodef-m-text\">Productos<\/div><\/div><\/div><\/div>\n<\/div>\n\n\n\n<div class=\"wp-block-column has-ast-global-color-0-background-color has-background is-layout-flow wp-block-column-is-layout-flow\">\n<div class=\"wp-block-qi-blocks-counter qodef-block-container qodef-block-6be15901\"><div class=\"qi-block-counter qodef-block qodef-m\" data-start-digit=\"0\" data-end-digit=\"16\" data-step-digit=\"\" data-step-delay=\"\" data-digit-label=\"\"><div class=\"qodef-m-digit-wrapper\"><div class=\"qodef-m-digit\"><\/div><\/div><div class=\"qodef-m-content\"><div class=\"qodef-m-text\">IDE<\/div><\/div><\/div><\/div>\n<\/div>\n<\/div>\n<\/div>\n<\/div>\n<\/div><\/div>\n\n\n\n<div class=\"wp-block-uagb-container uagb-block-ebeffa70 alignfull uagb-is-root-container\"><div class=\"uagb-container-inner-blocks-wrap\">\n<div class=\"wp-block-uagb-advanced-heading uagb-block-351c22b1\"><h2 class=\"uagb-heading-text\">Casos de \u00c9xito<\/h2><p class=\"uagb-desc-text\">Nuestra eficiencia humana y digital<\/p><\/div>\n\n\n\n<div class=\"wp-block-uagb-container uagb-block-a85bf556\">\n<div class=\"wp-block-uagb-container uagb-block-0751e713\">\n<p style=\"font-size:12px\"><strong>M\u00c9XICO<\/strong><\/p>\n\n\n\n<figure class=\"wp-block-image size-full is-resized\"><img loading=\"lazy\" decoding=\"async\" width=\"710\" height=\"181\" src=\"https:\/\/kan.com.ar\/dev-land\/wp-content\/uploads\/2024\/01\/Group-238.png\" alt=\"\" class=\"wp-image-2476\" style=\"width:auto;height:60px\" srcset=\"https:\/\/kan.com.ar\/dev-land\/wp-content\/uploads\/2024\/01\/Group-238.png 710w, https:\/\/kan.com.ar\/dev-land\/wp-content\/uploads\/2024\/01\/Group-238-300x76.png 300w\" sizes=\"auto, (max-width: 710px) 100vw, 710px\" \/><\/figure>\n\n\n\n<p style=\"margin-top:45px;margin-bottom:45px\"><strong>Gobierno de la Ciudad de M\u00e9xico<\/strong><br>Actualizaci\u00f3n de Infraestructura de datos espaciales para el catastro basado en tecnolog\u00edas Open Source y libre licenciamiento. Web: uso interno de la Ciudad de M\u00e9xico.<\/p>\n<\/div>\n\n\n\n<div class=\"wp-block-uagb-container uagb-block-ab0afac0\">\n<p style=\"font-size:12px\"><strong>AM\u00c9RICA LATINA Y CARIBE<\/strong><\/p>\n\n\n\n<figure class=\"wp-block-image size-full is-resized\"><img loading=\"lazy\" decoding=\"async\" width=\"272\" height=\"361\" src=\"https:\/\/kan.com.ar\/dev-land\/wp-content\/uploads\/2024\/01\/Group-239.png\" alt=\"\" class=\"wp-image-2474\" style=\"width:auto;height:100px\" srcset=\"https:\/\/kan.com.ar\/dev-land\/wp-content\/uploads\/2024\/01\/Group-239.png 272w, https:\/\/kan.com.ar\/dev-land\/wp-content\/uploads\/2024\/01\/Group-239-226x300.png 226w\" sizes=\"auto, (max-width: 272px) 100vw, 272px\" \/><\/figure>\n\n\n\n<p><strong>Comisi\u00f3n Econ\u00f3mica para Am\u00e9rica Latina y el Caribe<\/strong><br>Implementaci\u00f3n del proyecto Facility en los Pa\u00edses de Argentina, Ecuador, Paraguay, Honduras, Costa Rica, Rep\u00fablica Dominicana, El Salvador y Nicaragua.<\/p>\n<\/div>\n\n\n\n<div class=\"wp-block-uagb-container uagb-block-0bfd07ac\">\n<p style=\"font-size:12px\"><strong>ARGENTINA<\/strong><\/p>\n\n\n\n<figure class=\"wp-block-image size-full is-resized\"><img loading=\"lazy\" decoding=\"async\" width=\"536\" height=\"207\" src=\"https:\/\/kan.com.ar\/dev-land\/wp-content\/uploads\/2024\/01\/Group-233.png\" alt=\"\" class=\"wp-image-2510\" style=\"width:auto;height:60px\" srcset=\"https:\/\/kan.com.ar\/dev-land\/wp-content\/uploads\/2024\/01\/Group-233.png 536w, https:\/\/kan.com.ar\/dev-land\/wp-content\/uploads\/2024\/01\/Group-233-300x116.png 300w\" sizes=\"auto, (max-width: 536px) 100vw, 536px\" \/><\/figure>\n\n\n\n<p style=\"margin-top:var(--wp--preset--spacing--60);margin-bottom:var(--wp--preset--spacing--60)\"><strong>ALTEC<br><\/strong>Sistema de Monitoreo y Gesti\u00f3n de Cluster Ganadero en la provincia de R\u00edo Negro.<\/p>\n<\/div>\n<\/div>\n\n\n\n<div class=\"wp-block-uagb-container uagb-block-e2ba1b46\">\n<div class=\"wp-block-uagb-container uagb-block-1a9920b4\">\n<p style=\"font-size:12px\"><strong>ARGENTINA<\/strong><\/p>\n\n\n\n<figure class=\"wp-block-image size-full\"><img loading=\"lazy\" decoding=\"async\" width=\"1008\" height=\"137\" src=\"https:\/\/kan.com.ar\/dev-land\/wp-content\/uploads\/2024\/01\/Group-245.png\" alt=\"\" class=\"wp-image-2470\" style=\"object-fit:cover\" srcset=\"https:\/\/kan.com.ar\/dev-land\/wp-content\/uploads\/2024\/01\/Group-245.png 1008w, https:\/\/kan.com.ar\/dev-land\/wp-content\/uploads\/2024\/01\/Group-245-300x41.png 300w, https:\/\/kan.com.ar\/dev-land\/wp-content\/uploads\/2024\/01\/Group-245-768x104.png 768w\" sizes=\"auto, (max-width: 1008px) 100vw, 1008px\" \/><\/figure>\n\n\n\n<p style=\"margin-top:var(--wp--preset--spacing--60);margin-bottom:var(--wp--preset--spacing--60)\"><strong>Banco Interamericano de Desarrollo<br><\/strong>Discovery &#8211; Pruebas piloto para censos autoadministrados en barrios populares.<\/p>\n<\/div>\n\n\n\n<div class=\"wp-block-uagb-container uagb-block-0befd8b1\">\n<p style=\"font-size:12px\"><strong>ARGENTINA<\/strong><\/p>\n\n\n\n<figure class=\"wp-block-image size-full is-resized\"><img loading=\"lazy\" decoding=\"async\" width=\"668\" height=\"250\" src=\"https:\/\/kan.com.ar\/dev-land\/wp-content\/uploads\/2024\/01\/Group-244.png\" alt=\"\" class=\"wp-image-2508\" style=\"width:auto;height:80px\" srcset=\"https:\/\/kan.com.ar\/dev-land\/wp-content\/uploads\/2024\/01\/Group-244.png 668w, https:\/\/kan.com.ar\/dev-land\/wp-content\/uploads\/2024\/01\/Group-244-300x112.png 300w\" sizes=\"auto, (max-width: 668px) 100vw, 668px\" \/><\/figure>\n\n\n\n<p><strong>Consejo Federal de Inversiones<br><\/strong>Mapa Interactivo para el Observatorio Federal.<\/p>\n<\/div>\n\n\n\n<div class=\"wp-block-uagb-container uagb-block-60902c57\">\n<p style=\"font-size:12px\"><strong>COSTA RICA<\/strong><\/p>\n\n\n\n<figure class=\"wp-block-image size-full is-resized\"><img loading=\"lazy\" decoding=\"async\" width=\"107\" height=\"112\" src=\"https:\/\/kan.com.ar\/dev-land\/wp-content\/uploads\/2024\/01\/Marca-INEC-1.png\" alt=\"\" class=\"wp-image-2527\" style=\"width:auto;height:80px\"\/><\/figure>\n\n\n\n<p><strong>INEC (Instituto Nacional de Estad\u00edstica y Censos)<\/strong><br>Implementaci\u00f3n del Geoportal Estad\u00edstico y Espacial del INEC.<\/p>\n<\/div>\n<\/div>\n\n\n\n<div class=\"wp-block-uagb-container uagb-block-1c7f1793\">\n<div class=\"wp-block-uagb-container uagb-block-355af244\">\n<p style=\"font-size:12px\"><strong>PER\u00da<\/strong><\/p>\n\n\n\n<figure class=\"wp-block-image size-full\"><img loading=\"lazy\" decoding=\"async\" width=\"1008\" height=\"137\" src=\"https:\/\/kan.com.ar\/dev-land\/wp-content\/uploads\/2024\/01\/Group-245.png\" alt=\"\" class=\"wp-image-2470\" srcset=\"https:\/\/kan.com.ar\/dev-land\/wp-content\/uploads\/2024\/01\/Group-245.png 1008w, https:\/\/kan.com.ar\/dev-land\/wp-content\/uploads\/2024\/01\/Group-245-300x41.png 300w, https:\/\/kan.com.ar\/dev-land\/wp-content\/uploads\/2024\/01\/Group-245-768x104.png 768w\" sizes=\"auto, (max-width: 1008px) 100vw, 1008px\" \/><\/figure>\n\n\n\n<p style=\"margin-top:var(--wp--preset--spacing--70);margin-bottom:var(--wp--preset--spacing--70)\"><strong>Banco Interamericano de Desarrollo<br><\/strong>An\u00e1lisis de calidad de informaci\u00f3n geoespacial. BID Per\u00fa.<\/p>\n<\/div>\n\n\n\n<div class=\"wp-block-uagb-container uagb-block-a7fcfed7\">\n<p style=\"font-size:12px\"><strong>PER\u00da<\/strong><\/p>\n\n\n\n<figure class=\"wp-block-image size-full is-resized\"><img loading=\"lazy\" decoding=\"async\" width=\"97\" height=\"142\" src=\"https:\/\/kan.com.ar\/dev-land\/wp-content\/uploads\/2024\/01\/Frame.png\" alt=\"\" class=\"wp-image-2529\" style=\"width:auto;height:100px\"\/><\/figure>\n\n\n\n<p><strong>WWF (World Wildlife Fund)<\/strong><br>Mapa Revisi\u00f3n de los dataset, conjuntos de datos geoespaciales, metadatos y estilos (SLD) del Proyecto \u201cApoyo a la Plataforma Nacional de Ciudades Sostenibles y Cambio Clim\u00e1tico en Lima\u201d.<\/p>\n<\/div>\n\n\n\n<div class=\"wp-block-uagb-container uagb-block-7cdf05cf\">\n<p style=\"font-size:12px\"><strong>ARGENTINA<\/strong><\/p>\n\n\n\n<figure class=\"wp-block-image size-full is-resized\"><img loading=\"lazy\" decoding=\"async\" width=\"175\" height=\"65\" src=\"https:\/\/kan.com.ar\/dev-land\/wp-content\/uploads\/2024\/01\/image-8.png\" alt=\"\" class=\"wp-image-2492\" style=\"width:auto;height:65px\"\/><\/figure>\n\n\n\n<p style=\"margin-top:var(--wp--preset--spacing--50);margin-bottom:var(--wp--preset--spacing--50)\"><strong>Secretar\u00eda de Ciencia, Tecnolog\u00eda, Innovaci\u00f3n Productiva y Cultura de la Provincia de Chubut<\/strong><br>Sistema de Alertas Tempranas &#8211; Chubut.<\/p>\n<\/div>\n<\/div>\n\n\n\n<div class=\"wp-block-uagb-container uagb-block-19dedf6d\">\n<div class=\"wp-block-uagb-container uagb-block-e995da93\">\n<p style=\"font-size:12px\"><strong>ARGENTINA<\/strong><\/p>\n\n\n\n<figure class=\"wp-block-image size-full is-resized\"><img loading=\"lazy\" decoding=\"async\" width=\"656\" height=\"113\" src=\"https:\/\/kan.com.ar\/dev-land\/wp-content\/uploads\/2024\/01\/logo_arsat_intellymation-1-Traced.png\" alt=\"\" class=\"wp-image-2486\" style=\"width:auto;height:40px\" srcset=\"https:\/\/kan.com.ar\/dev-land\/wp-content\/uploads\/2024\/01\/logo_arsat_intellymation-1-Traced.png 656w, https:\/\/kan.com.ar\/dev-land\/wp-content\/uploads\/2024\/01\/logo_arsat_intellymation-1-Traced-300x52.png 300w, https:\/\/kan.com.ar\/dev-land\/wp-content\/uploads\/2024\/01\/logo_arsat_intellymation-1-Traced-650x113.png 650w\" sizes=\"auto, (max-width: 656px) 100vw, 656px\" \/><\/figure>\n\n\n\n<p style=\"margin-top:var(--wp--preset--spacing--60);margin-bottom:var(--wp--preset--spacing--60)\"><strong>Empresa Argentina de Soluciones Satelitales S.A. (ARSAT)<\/strong><br>Proyecto IDE ARSAT.<\/p>\n<\/div>\n\n\n\n<div class=\"wp-block-uagb-container uagb-block-c9c97b28\">\n<p style=\"font-size:12px\"><strong>ARGENTINA<\/strong><\/p>\n\n\n\n<figure class=\"wp-block-image size-full is-resized\"><img loading=\"lazy\" decoding=\"async\" width=\"930\" height=\"201\" src=\"https:\/\/kan.com.ar\/dev-land\/wp-content\/uploads\/2024\/01\/image-26.png\" alt=\"\" class=\"wp-image-2472\" style=\"width:auto;height:50px\" srcset=\"https:\/\/kan.com.ar\/dev-land\/wp-content\/uploads\/2024\/01\/image-26.png 930w, https:\/\/kan.com.ar\/dev-land\/wp-content\/uploads\/2024\/01\/image-26-300x65.png 300w, https:\/\/kan.com.ar\/dev-land\/wp-content\/uploads\/2024\/01\/image-26-768x166.png 768w\" sizes=\"auto, (max-width: 930px) 100vw, 930px\" \/><\/figure>\n\n\n\n<p style=\"margin-top:var(--wp--preset--spacing--40);margin-bottom:var(--wp--preset--spacing--40)\"><strong>The World Bank<br><\/strong>Desarrollo e implementaci\u00f3n de Plataforma AMBA 3D.<\/p>\n<\/div>\n\n\n\n<div class=\"wp-block-uagb-container uagb-block-f2532e97\">\n<p style=\"font-size:12px\"><strong>ARGENTINA<\/strong><\/p>\n\n\n\n<figure class=\"wp-block-image size-full is-resized\"><img loading=\"lazy\" decoding=\"async\" width=\"554\" height=\"204\" src=\"https:\/\/kan.com.ar\/dev-land\/wp-content\/uploads\/2024\/01\/Group-234.png\" alt=\"\" class=\"wp-image-2490\" style=\"width:auto;height:65px\" srcset=\"https:\/\/kan.com.ar\/dev-land\/wp-content\/uploads\/2024\/01\/Group-234.png 554w, https:\/\/kan.com.ar\/dev-land\/wp-content\/uploads\/2024\/01\/Group-234-300x110.png 300w\" sizes=\"auto, (max-width: 554px) 100vw, 554px\" \/><\/figure>\n\n\n\n<p><strong>Direcci\u00f3n Provincial de Catastro y Tierras Fiscales, Gobierno de San Luis<\/strong><br>Desarrollo de Catastro 3D Provincia de San Luis<\/p>\n<\/div>\n<\/div>\n<\/div><\/div>\n","protected":false},"excerpt":{"rendered":"<p>Casos de \u00c9xito Nuestra eficiencia humana y digital M\u00c9XICO Gobierno de la Ciudad de M\u00e9xicoActualizaci\u00f3n de Infraestructura de datos espaciales para el catastro basado en tecnolog\u00edas Open Source y libre licenciamiento. Web: uso interno de la Ciudad de M\u00e9xico. AM\u00c9RICA LATINA Y CARIBE Comisi\u00f3n Econ\u00f3mica para Am\u00e9rica Latina y el CaribeImplementaci\u00f3n del proyecto Facility en [&hellip;]<\/p>\n","protected":false},"author":1,"featured_media":0,"parent":0,"menu_order":0,"comment_status":"closed","ping_status":"closed","template":"","meta":{"_uag_custom_page_level_css":"","site-sidebar-layout":"no-sidebar","site-content-layout":"page-builder","ast-site-content-layout":"full-width-container","site-content-style":"unboxed","site-sidebar-style":"unboxed","ast-global-header-display":"","ast-banner-title-visibility":"","ast-main-header-display":"","ast-hfb-above-header-display":"","ast-hfb-below-header-display":"","ast-hfb-mobile-header-display":"","site-post-title":"disabled","ast-breadcrumbs-content":"","ast-featured-img":"disabled","footer-sml-layout":"","ast-disable-related-posts":"","theme-transparent-header-meta":"enabled","adv-header-id-meta":"","stick-header-meta":"","header-above-stick-meta":"","header-main-stick-meta":"","header-below-stick-meta":"","astra-migrate-meta-layouts":"set","ast-page-background-enabled":"default","ast-page-background-meta":{"desktop":{"background-color":"var(--ast-global-color-4)","background-image":"","background-repeat":"repeat","background-position":"center center","background-size":"auto","background-attachment":"scroll","background-type":"","background-media":"","overlay-type":"","overlay-color":"","overlay-opacity":"","overlay-gradient":""},"tablet":{"background-color":"","background-image":"","background-repeat":"repeat","background-position":"center center","background-size":"auto","background-attachment":"scroll","background-type":"","background-media":"","overlay-type":"","overlay-color":"","overlay-opacity":"","overlay-gradient":""},"mobile":{"background-color":"","background-image":"","background-repeat":"repeat","background-position":"center center","background-size":"auto","background-attachment":"scroll","background-type":"","background-media":"","overlay-type":"","overlay-color":"","overlay-opacity":"","overlay-gradient":""}},"ast-content-background-meta":{"desktop":{"background-color":"var(--ast-global-color-5)","background-image":"","background-repeat":"repeat","background-position":"center center","background-size":"auto","background-attachment":"scroll","background-type":"","background-media":"","overlay-type":"","overlay-color":"","overlay-opacity":"","overlay-gradient":""},"tablet":{"background-color":"var(--ast-global-color-5)","background-image":"","background-repeat":"repeat","background-position":"center center","background-size":"auto","background-attachment":"scroll","background-type":"","background-media":"","overlay-type":"","overlay-color":"","overlay-opacity":"","overlay-gradient":""},"mobile":{"background-color":"var(--ast-global-color-5)","background-image":"","background-repeat":"repeat","background-position":"center center","background-size":"auto","background-attachment":"scroll","background-type":"","background-media":"","overlay-type":"","overlay-color":"","overlay-opacity":"","overlay-gradient":""}},"footnotes":""},"class_list":["post-1492","page","type-page","status-publish","hentry"],"uagb_featured_image_src":{"full":false,"thumbnail":false,"medium":false,"medium_large":false,"large":false,"1536x1536":false,"2048x2048":false,"qi_blocks_image_size_square":false,"qi_blocks_image_size_landscape":false,"qi_blocks_image_size_portrait":false,"qi_blocks_image_size_huge_square":false},"uagb_author_info":{"display_name":"Kan Territory &amp; IT","author_link":"https:\/\/kan.com.ar\/dev-land\/author\/fabuye\/"},"uagb_comment_info":0,"uagb_excerpt":"Casos de \u00c9xito Nuestra eficiencia humana y digital M\u00c9XICO Gobierno de la Ciudad de M\u00e9xicoActualizaci\u00f3n de Infraestructura de datos espaciales para el catastro basado en tecnolog\u00edas Open Source y libre licenciamiento. Web: uso interno de la Ciudad de M\u00e9xico. AM\u00c9RICA LATINA Y CARIBE Comisi\u00f3n Econ\u00f3mica para Am\u00e9rica Latina y el CaribeImplementaci\u00f3n del proyecto Facility en&hellip;","_links":{"self":[{"href":"https:\/\/kan.com.ar\/dev-land\/wp-json\/wp\/v2\/pages\/1492","targetHints":{"allow":["GET"]}}],"collection":[{"href":"https:\/\/kan.com.ar\/dev-land\/wp-json\/wp\/v2\/pages"}],"about":[{"href":"https:\/\/kan.com.ar\/dev-land\/wp-json\/wp\/v2\/types\/page"}],"author":[{"embeddable":true,"href":"https:\/\/kan.com.ar\/dev-land\/wp-json\/wp\/v2\/users\/1"}],"replies":[{"embeddable":true,"href":"https:\/\/kan.com.ar\/dev-land\/wp-json\/wp\/v2\/comments?post=1492"}],"version-history":[{"count":19,"href":"https:\/\/kan.com.ar\/dev-land\/wp-json\/wp\/v2\/pages\/1492\/revisions"}],"predecessor-version":[{"id":2736,"href":"https:\/\/kan.com.ar\/dev-land\/wp-json\/wp\/v2\/pages\/1492\/revisions\/2736"}],"wp:attachment":[{"href":"https:\/\/kan.com.ar\/dev-land\/wp-json\/wp\/v2\/media?parent=1492"}],"curies":[{"name":"wp","href":"https:\/\/api.w.org\/{rel}","templated":true}]}}